{"id":8,"date":"2018-04-25T20:51:02","date_gmt":"2018-04-25T18:51:02","guid":{"rendered":"http:\/\/dein-partyfoto.com\/?page_id=8"},"modified":"2021-01-16T18:46:01","modified_gmt":"2021-01-16T17:46:01","slug":"impressum","status":"publish","type":"page","link":"https:\/\/dein-partyfoto.com\/?page_id=8","title":{"rendered":"Impressum"},"content":{"rendered":"<p><strong>Fotobox Nienburg<\/strong><\/p>\n<p>Christoph Frei<br \/>\nAm Wohldberg 2<br \/>\n31634 Steimbke<\/p>\n<p>Tel.: 05026-902631<br \/>\nHandy: 0172-4432294<\/p>\n<p>E-Mail: <a href=\"mailto:info@fotobox-nienburg.de\">info@fotobox-nienburg.de<\/a><br \/>\nHomepage: <a href=\"http:\/\/www.fotobox-nienburg.de\">www.fotobox-nienburg.de<\/a><\/p>\n<h4>Verantwortlich i.S.d. \u00a7 18 Abs. 2 MStV:<\/h4>\n<p>Christoph Frei<\/p>\n<h4>Haftungshinweis:<\/h4>\n<p>Trotz sorgf\u00e4ltiger inhaltlicher Kontrolle \u00fcbernehmen wir keine Haftung f\u00fcr die Inhalte externer Links. F\u00fcr den Inhalt der verlinkten Seiten sind ausschlie\u00dflich deren Betreiber verantwortlich.<\/p>\n<h4>Datenschutz:<\/h4>\n<p>Bitte beachten Sie unsere <a href=\"http:\/\/dein-partyfoto.com\/?page_id=125\">Datenschutzerkl\u00e4rung<\/a>.<\/p>\n<h4>Urheberrecht:<\/h4>\n<p>Die durch die Seitenbetreiber erstellten Inhalte und Werke auf diesen Seiten unterliegen dem deutschen Urheberrecht. Die Vervielf\u00e4ltigung, Bearbeitung, Verbreitung und jede Art der Verwertung au\u00dferhalb der Grenzen des Urheberrechtes bed\u00fcrfen der schriftlichen Zustimmung des jeweiligen Autors bzw. Erstellers. Downloads und Kopien dieser Seite sind nur f\u00fcr den privaten, nicht kommerziellen Gebrauch gestattet. Soweit die Inhalte auf dieser Seite nicht vom Betreiber erstellt wurden, werden die Urheberrechte Dritter beachtet. Insbesondere werden Inhalte Dritter als solche gekennzeichnet. Sollten Sie trotzdem auf eine Urheberrechtsverletzung aufmerksam werden, bitten wir um einen entsprechenden Hinweis. Bei Bekanntwerden von Rechtsverletzungen werden wir derartige Inhalte umgehend entfernen.<\/p>\n<p>Disclaimer: Mit dem Urteil vom 12.05.1998 &#8211; 312 O 85\/98 \u2013 \u201cHaftung f\u00fcr Links\u201d hat das LG Hamburg entschieden, dass man durch die Anbringung\u00a0 eines Links, die Inhalte der gelinkten Seite ggf. mit zu verantworten hat. Dieses kann nur dadurch verhindert werden, indem man sich\u00a0 ausdr\u00fccklich von diesen Inhalten distanziert. \u201cHiermit distanziere ich mich ausdr\u00fccklich von allen Inhalten, aller gelinkten Seiten auf\u00a0 meiner Homepage und mache mir diese Inhalte nicht zu eigen. Diese Erkl\u00e4rung gilt f\u00fcr alle auf meiner Homepage befindlichen Links.\u201d\u00a0 S\u00e4mtliche Bilder dieses Internetangebots sind durch internationale Copyrightgesetze gesch\u00fctzt (\u00a9 2018 by Christoph Frei).\u00a0 Sie haben eingeschr\u00e4nkte Nutzungsrechte f\u00fcr den privaten Gebrauch: Sie d\u00fcrfen die Bilder auf Ihrem Web Browser anschauen, bei\u00a0 Facebook und anderen sozialen Netzwerken verwenden oder sie als Bildschirmhintergrund auf Ihrem privaten Computer verwenden.\u00a0 Diese Bilder d\u00fcrfen auf keine andere Weise reproduziert, vertrieben oder in irgend einer Weise ver\u00e4ndert werden, ohne dass eine\u00a0 ausdr\u00fcckliche schriftliche Erlaubnis von mir vorliegt. Meine Bilder d\u00fcrfen auf keinen Fall ohne besagte Erlaubnis kommerziell\u00a0 verwertet werden. Alle Rechte bleiben vorbehalten. Das bedeutet das die Werbung auf den Bildern keinesfalls \u00fcbermalt oder\u00a0 weggeschnitten werden darf. Um die Genehmigung f\u00fcr eine Verwendung meiner Bilder zu erhalten, welche die oben dargestellten zul\u00e4ssigen\u00a0 Nutzungsm\u00f6glichkeiten \u00fcbersteigt, wenden Sie sich bitte an mich als Copyrightinhaber aller Bilder. M\u00f6chten Sie eines oder mehrere\u00a0 meiner Bilder zu Zwecken verwenden, die nach den geltenden Copyrightbestimmungen meiner schriftlichen Zustimmung bed\u00fcrfen?\u00a0 Gerne! Bitte teilen Sie mir schriftlich mit, welches Bild Sie zu welchem Zwecke und in welcher Form und Auflage verwenden\u00a0 m\u00f6chten, damit eine individuelle L\u00f6sung gefunden werden kann.\u00a0 Grunds\u00e4tzlich erkl\u00e4rt sich\u00a0 jeder Fotografierte damit einverstanden, dass die Fotos im Internet ver\u00f6ffentlicht werden. Sollte jedoch\u00a0 jemand nicht mit der Ver\u00f6ffentlichung einverstanden sein, so wird um Benachrichtigung gebeten: info@fotobox-nienburg.de.<\/p>\n","protected":false},"excerpt":{"rendered":"<p>Fotobox Nienburg Christoph Frei Am Wohldberg 2 31634 Steimbke Tel.: 05026-902631 Handy: 0172-4432294 E-Mail: info@fotobox-nienburg.de Homepage: www.fotobox-nienburg.de Verantwortlich i.S.d. \u00a7 18 Abs. 2 MStV: Christoph Frei Haftungshinweis: Trotz sorgf\u00e4ltiger inhaltlicher&hellip;<\/p>\n<div class=\"read-more\"><a href=\"https:\/\/dein-partyfoto.com\/?page_id=8\" class=\"read-more-link\">See More<\/a><\/div>\n","protected":false},"author":1,"featured_media":0,"parent":0,"menu_order":0,"comment_status":"closed","ping_status":"closed","template":"","meta":{"footnotes":""},"class_list":["post-8","page","type-page","status-publish","hentry"],"_links":{"self":[{"href":"https:\/\/dein-partyfoto.com\/index.php?rest_route=\/wp\/v2\/pages\/8","targetHints":{"allow":["GET"]}}],"collection":[{"href":"https:\/\/dein-partyfoto.com\/index.php?rest_route=\/wp\/v2\/pages"}],"about":[{"href":"https:\/\/dein-partyfoto.com\/index.php?rest_route=\/wp\/v2\/types\/page"}],"author":[{"embeddable":true,"href":"https:\/\/dein-partyfoto.com\/index.php?rest_route=\/wp\/v2\/users\/1"}],"replies":[{"embeddable":true,"href":"https:\/\/dein-partyfoto.com\/index.php?rest_route=%2Fwp%2Fv2%2Fcomments&post=8"}],"version-history":[{"count":3,"href":"https:\/\/dein-partyfoto.com\/index.php?rest_route=\/wp\/v2\/pages\/8\/revisions"}],"predecessor-version":[{"id":319,"href":"https:\/\/dein-partyfoto.com\/index.php?rest_route=\/wp\/v2\/pages\/8\/revisions\/319"}],"wp:attachment":[{"href":"https:\/\/dein-partyfoto.com\/index.php?rest_route=%2Fwp%2Fv2%2Fmedia&parent=8"}],"curies":[{"name":"wp","href":"https:\/\/api.w.org\/{rel}","templated":true}]}}