{"id":6,"date":"2018-04-25T20:50:42","date_gmt":"2018-04-25T18:50:42","guid":{"rendered":"http:\/\/dein-partyfoto.com\/?page_id=6"},"modified":"2024-08-11T12:02:33","modified_gmt":"2024-08-11T10:02:33","slug":"fotobox","status":"publish","type":"page","link":"https:\/\/dein-partyfoto.com\/?page_id=6","title":{"rendered":"Fotobox"},"content":{"rendered":"<p><strong><span class=\"xr_tl Normal_text\">Was ist eine Fotobox\/Photobooth<br \/><\/span><\/strong><span class=\"xr_tl Normal_text\">Die Fotobox Nienburg ist wie ein eigenes, kleines, <\/span> <span class=\"xr_tl Normal_text\">professionelles Fotostudio f\u00fcr Ihre Veranstaltung. Im\u00a0 <\/span> <span class=\"xr_tl Normal_text\">inneren der Fotobox befindet sich eine professionelle <\/span><span class=\"xr_tl Normal_text\">Spiegelreflexkamera, Mini-PC mit Touchscreen, Fotodrucker <\/span> <span class=\"xr_tl Normal_text\">und einem Studio-Blitz.\u00a0<\/span><\/p>\n<p><span class=\"xr_tl Normal_text\"><strong>Der Unterschied zum Fotografen:<\/strong> <\/span><br \/><span class=\"xr_tl Normal_text\">Hier hat nicht der Fotograf die Kontrolle, sondern die G\u00e4ste <\/span> <span class=\"xr_tl Normal_text\">selbst! So entstehen ganz besondere Aufnahmen. Absolut <\/span> <span class=\"xr_tl Normal_text\">ungezwungen und mit einem riesigen Spa\u00dffaktor. Egal ob <\/span> <span class=\"xr_tl Normal_text\">jung oder alt. Alle sind begeistert. Die zur Verf\u00fcgung <\/span> <span class=\"xr_tl Normal_text\">gestellten Requisiten machen Ihre Fotos noch einzigartiger.<\/span><\/p>\n<p><strong>Wie funktioniert die Fotobox Nienburg?<br \/><\/strong>Ganz einfach, Ihre G\u00e4ste stellen sich wahlweise mit oder ohne Requisiten vor die Fotobox und starten die Aufnahme mittels Ber\u00fchren des Touchscreens oder durch Dr\u00fccken des Buzzers. <br \/>Die Fotobox macht automatisch nach Ablauf des Countdown 1-9 Fotos, mit kurzen Pausen (hier kann man noch schnell die Requisiten oder den Platz wechseln), hintereinander und f\u00fcgt diese zusammen auf einem Ausdruck.\u00a0<br \/>Das fertige Foto wird unmittelbar danach auf dem Bildschirm angezeigt. Je nach Fotobox Paket wird das Foto in wenigen Sekunden direkt ausgedruckt. Weiter kann das Foto direkt vor Ort via Fotobox-WLAN direkt auf&#8217;s Smartphone geladen werden.<br \/>Die Fotos werden zus\u00e4tzlich ein Tag sp\u00e4ter in eine passwortgesicherte Online Galerie hochgeladen, damit Ihre G\u00e4ste sich alle Fotos noch einmal anschauen und kostenfrei herunterladen k\u00f6nnen.<br \/>Die Vorlage f\u00fcr die Print-Datei wird individuell zu Ihrem Anlass im Vorfeld nach Ihren W\u00fcnschen angepasst.<\/p>\n\n\n<figure class=\"wp-block-gallery has-nested-images columns-default is-cropped wp-block-gallery-1 is-layout-flex wp-block-gallery-is-layout-flex\">\n<figure class=\"wp-block-image size-large\"><img loading=\"lazy\" decoding=\"async\" width=\"1024\" height=\"1024\" data-id=\"344\" src=\"http:\/\/dein-partyfoto.com\/wp-content\/uploads\/2024\/08\/IMG_3858-1024x1024.jpg\" alt=\"\" class=\"wp-image-344\" srcset=\"https:\/\/dein-partyfoto.com\/wp-content\/uploads\/2024\/08\/IMG_3858-1024x1024.jpg 1024w, https:\/\/dein-partyfoto.com\/wp-content\/uploads\/2024\/08\/IMG_3858-300x300.jpg 300w, https:\/\/dein-partyfoto.com\/wp-content\/uploads\/2024\/08\/IMG_3858-150x150.jpg 150w, https:\/\/dein-partyfoto.com\/wp-content\/uploads\/2024\/08\/IMG_3858-768x768.jpg 768w, https:\/\/dein-partyfoto.com\/wp-content\/uploads\/2024\/08\/IMG_3858-1536x1536.jpg 1536w, https:\/\/dein-partyfoto.com\/wp-content\/uploads\/2024\/08\/IMG_3858-2048x2048.jpg 2048w, https:\/\/dein-partyfoto.com\/wp-content\/uploads\/2024\/08\/IMG_3858-400x400.jpg 400w\" sizes=\"auto, (max-width: 1024px) 100vw, 1024px\" \/><\/figure>\n\n\n\n<figure class=\"wp-block-image size-large\"><img loading=\"lazy\" decoding=\"async\" width=\"1024\" height=\"1024\" data-id=\"293\" src=\"http:\/\/dein-partyfoto.com\/wp-content\/uploads\/2020\/06\/Foto-10.11.18-21-01-29-1-1024x1024.jpg\" alt=\"\" class=\"wp-image-293\" srcset=\"https:\/\/dein-partyfoto.com\/wp-content\/uploads\/2020\/06\/Foto-10.11.18-21-01-29-1-1024x1024.jpg 1024w, https:\/\/dein-partyfoto.com\/wp-content\/uploads\/2020\/06\/Foto-10.11.18-21-01-29-1-300x300.jpg 300w, https:\/\/dein-partyfoto.com\/wp-content\/uploads\/2020\/06\/Foto-10.11.18-21-01-29-1-150x150.jpg 150w, https:\/\/dein-partyfoto.com\/wp-content\/uploads\/2020\/06\/Foto-10.11.18-21-01-29-1-768x768.jpg 768w, https:\/\/dein-partyfoto.com\/wp-content\/uploads\/2020\/06\/Foto-10.11.18-21-01-29-1-1536x1536.jpg 1536w, https:\/\/dein-partyfoto.com\/wp-content\/uploads\/2020\/06\/Foto-10.11.18-21-01-29-1-2048x2048.jpg 2048w, https:\/\/dein-partyfoto.com\/wp-content\/uploads\/2020\/06\/Foto-10.11.18-21-01-29-1-400x400.jpg 400w\" sizes=\"auto, (max-width: 1024px) 100vw, 1024px\" \/><\/figure>\n<\/figure>\n\n\n\n<figure class=\"wp-block-gallery has-nested-images columns-default is-cropped wp-block-gallery-2 is-layout-flex wp-block-gallery-is-layout-flex\">\n<figure class=\"wp-block-image size-large\"><img loading=\"lazy\" decoding=\"async\" width=\"1024\" height=\"689\" data-id=\"310\" src=\"http:\/\/dein-partyfoto.com\/wp-content\/uploads\/2020\/06\/170211_232512-1024x689.jpg\" alt=\"\" class=\"wp-image-310\" srcset=\"https:\/\/dein-partyfoto.com\/wp-content\/uploads\/2020\/06\/170211_232512-1024x689.jpg 1024w, https:\/\/dein-partyfoto.com\/wp-content\/uploads\/2020\/06\/170211_232512-300x202.jpg 300w, https:\/\/dein-partyfoto.com\/wp-content\/uploads\/2020\/06\/170211_232512-768x516.jpg 768w, https:\/\/dein-partyfoto.com\/wp-content\/uploads\/2020\/06\/170211_232512-1536x1033.jpg 1536w, https:\/\/dein-partyfoto.com\/wp-content\/uploads\/2020\/06\/170211_232512-400x269.jpg 400w, https:\/\/dein-partyfoto.com\/wp-content\/uploads\/2020\/06\/170211_232512.jpg 1844w\" sizes=\"auto, (max-width: 1024px) 100vw, 1024px\" \/><\/figure>\n<figcaption class=\"blocks-gallery-caption wp-element-caption\"><strong>Beispiel f\u00fcr 3 Fotos auf einem Ausdruck<\/strong><\/figcaption><\/figure>\n\n\n\n<figure class=\"wp-block-gallery has-nested-images columns-default is-cropped wp-block-gallery-3 is-layout-flex wp-block-gallery-is-layout-flex\">\n<figure class=\"wp-block-image size-large\"><img loading=\"lazy\" decoding=\"async\" width=\"960\" height=\"646\" data-id=\"87\" src=\"http:\/\/dein-partyfoto.com\/wp-content\/uploads\/2018\/04\/28378271_2007416482832990_5476468712061620802_n.jpg\" alt=\"\" class=\"wp-image-87\" srcset=\"https:\/\/dein-partyfoto.com\/wp-content\/uploads\/2018\/04\/28378271_2007416482832990_5476468712061620802_n.jpg 960w, https:\/\/dein-partyfoto.com\/wp-content\/uploads\/2018\/04\/28378271_2007416482832990_5476468712061620802_n-300x202.jpg 300w, https:\/\/dein-partyfoto.com\/wp-content\/uploads\/2018\/04\/28378271_2007416482832990_5476468712061620802_n-768x517.jpg 768w, https:\/\/dein-partyfoto.com\/wp-content\/uploads\/2018\/04\/28378271_2007416482832990_5476468712061620802_n-400x269.jpg 400w\" sizes=\"auto, (max-width: 960px) 100vw, 960px\" \/><\/figure>\n<figcaption class=\"blocks-gallery-caption wp-element-caption\"><strong>Beispiel f\u00fcr 1 Foto auf einem Ausdruck<\/strong><\/figcaption><\/figure>\n\n\n\n<p><\/p>\n","protected":false},"excerpt":{"rendered":"<p>Was ist eine Fotobox\/PhotoboothDie Fotobox Nienburg ist wie ein eigenes, kleines, professionelles Fotostudio f\u00fcr Ihre Veranstaltung. Im\u00a0 inneren der Fotobox befindet sich eine professionelle Spiegelreflexkamera, Mini-PC mit Touchscreen, Fotodrucker und&hellip;<\/p>\n<div class=\"read-more\"><a href=\"https:\/\/dein-partyfoto.com\/?page_id=6\" class=\"read-more-link\">See More<\/a><\/div>\n","protected":false},"author":1,"featured_media":0,"parent":0,"menu_order":0,"comment_status":"closed","ping_status":"closed","template":"","meta":{"footnotes":""},"class_list":["post-6","page","type-page","status-publish","hentry"],"_links":{"self":[{"href":"https:\/\/dein-partyfoto.com\/index.php?rest_route=\/wp\/v2\/pages\/6","targetHints":{"allow":["GET"]}}],"collection":[{"href":"https:\/\/dein-partyfoto.com\/index.php?rest_route=\/wp\/v2\/pages"}],"about":[{"href":"https:\/\/dein-partyfoto.com\/index.php?rest_route=\/wp\/v2\/types\/page"}],"author":[{"embeddable":true,"href":"https:\/\/dein-partyfoto.com\/index.php?rest_route=\/wp\/v2\/users\/1"}],"replies":[{"embeddable":true,"href":"https:\/\/dein-partyfoto.com\/index.php?rest_route=%2Fwp%2Fv2%2Fcomments&post=6"}],"version-history":[{"count":9,"href":"https:\/\/dein-partyfoto.com\/index.php?rest_route=\/wp\/v2\/pages\/6\/revisions"}],"predecessor-version":[{"id":347,"href":"https:\/\/dein-partyfoto.com\/index.php?rest_route=\/wp\/v2\/pages\/6\/revisions\/347"}],"wp:attachment":[{"href":"https:\/\/dein-partyfoto.com\/index.php?rest_route=%2Fwp%2Fv2%2Fmedia&parent=6"}],"curies":[{"name":"wp","href":"https:\/\/api.w.org\/{rel}","templated":true}]}}