{"id":172,"date":"2019-03-11T23:23:31","date_gmt":"2019-03-11T22:23:31","guid":{"rendered":"http:\/\/dein-partyfoto.com\/?page_id=172"},"modified":"2024-09-25T22:27:37","modified_gmt":"2024-09-25T20:27:37","slug":"selfie-spiegel","status":"publish","type":"page","link":"http:\/\/dein-partyfoto.com\/?page_id=172","title":{"rendered":"Selfie-Spiegel"},"content":{"rendered":"\n<p>Ganz neu in Nienburg &#8211; Fotospiegel | magic mirror | mirrorbooth | Spiegel Photobooth<\/p>\n\n\n\n<p>Der Selfie-Spiegel ist wie ein eigenes, kleines, professionelles Fotostudio f\u00fcr Ihre Veranstaltung. Eine Fotobox in einem riesigen 65 Zoll Spiegel mit Barockrahmen und LED Beleuchtung. Im inneren vom Selfie-Spiegel befindet sich ein 65 Zoll Mirror mit Multi Touch, eine professionelle Spiegelreflexkamera sowie Studioblitz f\u00fcr beste Bildqualit\u00e4t und Thermosublimationsdrucker f\u00fcr den Sofortdruck der Fotos in Laborqualit\u00e4t.  <\/p>\n\n\n\n<figure class=\"wp-block-gallery has-nested-images columns-default is-cropped wp-block-gallery-1 is-layout-flex wp-block-gallery-is-layout-flex\">\n<figure class=\"wp-block-image size-large\"><img loading=\"lazy\" decoding=\"async\" width=\"1024\" height=\"768\" data-id=\"359\" src=\"http:\/\/dein-partyfoto.com\/wp-content\/uploads\/2024\/09\/Selfie-Spiegel-1024x768.jpg\" alt=\"\" class=\"wp-image-359\" srcset=\"http:\/\/dein-partyfoto.com\/wp-content\/uploads\/2024\/09\/Selfie-Spiegel-1024x768.jpg 1024w, http:\/\/dein-partyfoto.com\/wp-content\/uploads\/2024\/09\/Selfie-Spiegel-300x225.jpg 300w, http:\/\/dein-partyfoto.com\/wp-content\/uploads\/2024\/09\/Selfie-Spiegel-768x576.jpg 768w, http:\/\/dein-partyfoto.com\/wp-content\/uploads\/2024\/09\/Selfie-Spiegel-1536x1152.jpg 1536w, http:\/\/dein-partyfoto.com\/wp-content\/uploads\/2024\/09\/Selfie-Spiegel-400x300.jpg 400w, http:\/\/dein-partyfoto.com\/wp-content\/uploads\/2024\/09\/Selfie-Spiegel.jpg 1600w\" sizes=\"auto, (max-width: 1024px) 100vw, 1024px\" \/><\/figure>\n\n\n\n<figure class=\"wp-block-image size-large\"><img loading=\"lazy\" decoding=\"async\" width=\"1024\" height=\"1024\" data-id=\"360\" src=\"http:\/\/dein-partyfoto.com\/wp-content\/uploads\/2024\/09\/Selfie-Spiegel_2-1024x1024.jpg\" alt=\"\" class=\"wp-image-360\" srcset=\"http:\/\/dein-partyfoto.com\/wp-content\/uploads\/2024\/09\/Selfie-Spiegel_2-1024x1024.jpg 1024w, http:\/\/dein-partyfoto.com\/wp-content\/uploads\/2024\/09\/Selfie-Spiegel_2-300x300.jpg 300w, http:\/\/dein-partyfoto.com\/wp-content\/uploads\/2024\/09\/Selfie-Spiegel_2-150x150.jpg 150w, http:\/\/dein-partyfoto.com\/wp-content\/uploads\/2024\/09\/Selfie-Spiegel_2-768x768.jpg 768w, http:\/\/dein-partyfoto.com\/wp-content\/uploads\/2024\/09\/Selfie-Spiegel_2-1536x1536.jpg 1536w, http:\/\/dein-partyfoto.com\/wp-content\/uploads\/2024\/09\/Selfie-Spiegel_2-2048x2048.jpg 2048w, http:\/\/dein-partyfoto.com\/wp-content\/uploads\/2024\/09\/Selfie-Spiegel_2-400x400.jpg 400w\" sizes=\"auto, (max-width: 1024px) 100vw, 1024px\" \/><\/figure>\n<\/figure>\n\n\n\n<figure class=\"wp-block-gallery has-nested-images columns-default is-cropped wp-block-gallery-2 is-layout-flex wp-block-gallery-is-layout-flex\">\n<figure class=\"wp-block-image size-large\"><img loading=\"lazy\" decoding=\"async\" width=\"683\" height=\"1024\" data-id=\"227\" src=\"http:\/\/dein-partyfoto.com\/wp-content\/uploads\/2019\/05\/MSBClassic05-683x1024.jpg\" alt=\"\" class=\"wp-image-227\" srcset=\"http:\/\/dein-partyfoto.com\/wp-content\/uploads\/2019\/05\/MSBClassic05-683x1024.jpg 683w, http:\/\/dein-partyfoto.com\/wp-content\/uploads\/2019\/05\/MSBClassic05-200x300.jpg 200w, http:\/\/dein-partyfoto.com\/wp-content\/uploads\/2019\/05\/MSBClassic05-768x1152.jpg 768w, http:\/\/dein-partyfoto.com\/wp-content\/uploads\/2019\/05\/MSBClassic05-400x600.jpg 400w, http:\/\/dein-partyfoto.com\/wp-content\/uploads\/2019\/05\/MSBClassic05.jpg 1280w\" sizes=\"auto, (max-width: 683px) 100vw, 683px\" \/><\/figure>\n\n\n\n<figure class=\"wp-block-image size-large\"><img loading=\"lazy\" decoding=\"async\" width=\"683\" height=\"1024\" data-id=\"223\" src=\"http:\/\/dein-partyfoto.com\/wp-content\/uploads\/2019\/05\/MSBClassic01-683x1024.jpg\" alt=\"\" class=\"wp-image-223\" srcset=\"http:\/\/dein-partyfoto.com\/wp-content\/uploads\/2019\/05\/MSBClassic01-683x1024.jpg 683w, http:\/\/dein-partyfoto.com\/wp-content\/uploads\/2019\/05\/MSBClassic01-200x300.jpg 200w, http:\/\/dein-partyfoto.com\/wp-content\/uploads\/2019\/05\/MSBClassic01-768x1152.jpg 768w, http:\/\/dein-partyfoto.com\/wp-content\/uploads\/2019\/05\/MSBClassic01-400x600.jpg 400w, http:\/\/dein-partyfoto.com\/wp-content\/uploads\/2019\/05\/MSBClassic01.jpg 1280w\" sizes=\"auto, (max-width: 683px) 100vw, 683px\" \/><\/figure>\n\n\n\n<figure class=\"wp-block-image size-large\"><img loading=\"lazy\" decoding=\"async\" width=\"1024\" height=\"683\" data-id=\"222\" src=\"http:\/\/dein-partyfoto.com\/wp-content\/uploads\/2019\/05\/MSBClassic06-1024x683.jpg\" alt=\"\" class=\"wp-image-222\" srcset=\"http:\/\/dein-partyfoto.com\/wp-content\/uploads\/2019\/05\/MSBClassic06-1024x683.jpg 1024w, http:\/\/dein-partyfoto.com\/wp-content\/uploads\/2019\/05\/MSBClassic06-300x200.jpg 300w, http:\/\/dein-partyfoto.com\/wp-content\/uploads\/2019\/05\/MSBClassic06-768x512.jpg 768w, http:\/\/dein-partyfoto.com\/wp-content\/uploads\/2019\/05\/MSBClassic06-400x267.jpg 400w, http:\/\/dein-partyfoto.com\/wp-content\/uploads\/2019\/05\/MSBClassic06.jpg 1920w\" sizes=\"auto, (max-width: 1024px) 100vw, 1024px\" \/><\/figure>\n\n\n\n<figure class=\"wp-block-image size-large\"><img loading=\"lazy\" decoding=\"async\" width=\"1024\" height=\"1024\" data-id=\"175\" src=\"http:\/\/dein-partyfoto.com\/wp-content\/uploads\/2019\/03\/52828053_329625897660908_8945331724015894528_n-1024x1024.jpg\" alt=\"\" class=\"wp-image-175\" srcset=\"http:\/\/dein-partyfoto.com\/wp-content\/uploads\/2019\/03\/52828053_329625897660908_8945331724015894528_n-1024x1024.jpg 1024w, http:\/\/dein-partyfoto.com\/wp-content\/uploads\/2019\/03\/52828053_329625897660908_8945331724015894528_n-150x150.jpg 150w, http:\/\/dein-partyfoto.com\/wp-content\/uploads\/2019\/03\/52828053_329625897660908_8945331724015894528_n-300x300.jpg 300w, http:\/\/dein-partyfoto.com\/wp-content\/uploads\/2019\/03\/52828053_329625897660908_8945331724015894528_n-768x768.jpg 768w, http:\/\/dein-partyfoto.com\/wp-content\/uploads\/2019\/03\/52828053_329625897660908_8945331724015894528_n-400x400.jpg 400w\" sizes=\"auto, (max-width: 1024px) 100vw, 1024px\" \/><\/figure>\n\n\n\n<figure class=\"wp-block-image size-large\"><img loading=\"lazy\" decoding=\"async\" width=\"950\" height=\"950\" data-id=\"176\" src=\"http:\/\/dein-partyfoto.com\/wp-content\/uploads\/2019\/03\/53218912_483782758818597_2059363997261496320_n.jpg\" alt=\"\" class=\"wp-image-176\" srcset=\"http:\/\/dein-partyfoto.com\/wp-content\/uploads\/2019\/03\/53218912_483782758818597_2059363997261496320_n.jpg 950w, http:\/\/dein-partyfoto.com\/wp-content\/uploads\/2019\/03\/53218912_483782758818597_2059363997261496320_n-150x150.jpg 150w, http:\/\/dein-partyfoto.com\/wp-content\/uploads\/2019\/03\/53218912_483782758818597_2059363997261496320_n-300x300.jpg 300w, http:\/\/dein-partyfoto.com\/wp-content\/uploads\/2019\/03\/53218912_483782758818597_2059363997261496320_n-768x768.jpg 768w, http:\/\/dein-partyfoto.com\/wp-content\/uploads\/2019\/03\/53218912_483782758818597_2059363997261496320_n-400x400.jpg 400w\" sizes=\"auto, (max-width: 950px) 100vw, 950px\" \/><\/figure>\n\n\n\n<figure class=\"wp-block-image size-large\"><img loading=\"lazy\" decoding=\"async\" width=\"1024\" height=\"1024\" data-id=\"177\" src=\"http:\/\/dein-partyfoto.com\/wp-content\/uploads\/2019\/03\/50734526_232884150981647_4784681739127619584_n-1024x1024.jpg\" alt=\"\" class=\"wp-image-177\" srcset=\"http:\/\/dein-partyfoto.com\/wp-content\/uploads\/2019\/03\/50734526_232884150981647_4784681739127619584_n-1024x1024.jpg 1024w, http:\/\/dein-partyfoto.com\/wp-content\/uploads\/2019\/03\/50734526_232884150981647_4784681739127619584_n-150x150.jpg 150w, http:\/\/dein-partyfoto.com\/wp-content\/uploads\/2019\/03\/50734526_232884150981647_4784681739127619584_n-300x300.jpg 300w, http:\/\/dein-partyfoto.com\/wp-content\/uploads\/2019\/03\/50734526_232884150981647_4784681739127619584_n-768x768.jpg 768w, http:\/\/dein-partyfoto.com\/wp-content\/uploads\/2019\/03\/50734526_232884150981647_4784681739127619584_n-400x400.jpg 400w\" sizes=\"auto, (max-width: 1024px) 100vw, 1024px\" \/><\/figure>\n\n\n\n<figure class=\"wp-block-image size-large\"><img loading=\"lazy\" decoding=\"async\" width=\"1024\" height=\"1024\" data-id=\"178\" src=\"http:\/\/dein-partyfoto.com\/wp-content\/uploads\/2019\/03\/50789996_2274508669486429_2406009235763625984_n-1024x1024.jpg\" alt=\"\" class=\"wp-image-178\" srcset=\"http:\/\/dein-partyfoto.com\/wp-content\/uploads\/2019\/03\/50789996_2274508669486429_2406009235763625984_n-1024x1024.jpg 1024w, http:\/\/dein-partyfoto.com\/wp-content\/uploads\/2019\/03\/50789996_2274508669486429_2406009235763625984_n-150x150.jpg 150w, http:\/\/dein-partyfoto.com\/wp-content\/uploads\/2019\/03\/50789996_2274508669486429_2406009235763625984_n-300x300.jpg 300w, http:\/\/dein-partyfoto.com\/wp-content\/uploads\/2019\/03\/50789996_2274508669486429_2406009235763625984_n-768x768.jpg 768w, http:\/\/dein-partyfoto.com\/wp-content\/uploads\/2019\/03\/50789996_2274508669486429_2406009235763625984_n-400x400.jpg 400w\" sizes=\"auto, (max-width: 1024px) 100vw, 1024px\" \/><\/figure>\n\n\n\n<figure class=\"wp-block-image size-large\"><img loading=\"lazy\" decoding=\"async\" width=\"768\" height=\"1024\" data-id=\"259\" src=\"http:\/\/dein-partyfoto.com\/wp-content\/uploads\/2020\/06\/Foto-28.07.19-15-06-39.jpg\" alt=\"\" class=\"wp-image-259\" srcset=\"http:\/\/dein-partyfoto.com\/wp-content\/uploads\/2020\/06\/Foto-28.07.19-15-06-39.jpg 768w, http:\/\/dein-partyfoto.com\/wp-content\/uploads\/2020\/06\/Foto-28.07.19-15-06-39-225x300.jpg 225w, http:\/\/dein-partyfoto.com\/wp-content\/uploads\/2020\/06\/Foto-28.07.19-15-06-39-400x533.jpg 400w\" sizes=\"auto, (max-width: 768px) 100vw, 768px\" \/><\/figure>\n\n\n\n<figure class=\"wp-block-image size-large\"><img loading=\"lazy\" decoding=\"async\" width=\"1024\" height=\"1024\" data-id=\"182\" src=\"http:\/\/dein-partyfoto.com\/wp-content\/uploads\/2019\/03\/50493380_239048636981208_2652842187380752384_n-1024x1024.jpg\" alt=\"\" class=\"wp-image-182\" srcset=\"http:\/\/dein-partyfoto.com\/wp-content\/uploads\/2019\/03\/50493380_239048636981208_2652842187380752384_n-1024x1024.jpg 1024w, http:\/\/dein-partyfoto.com\/wp-content\/uploads\/2019\/03\/50493380_239048636981208_2652842187380752384_n-150x150.jpg 150w, http:\/\/dein-partyfoto.com\/wp-content\/uploads\/2019\/03\/50493380_239048636981208_2652842187380752384_n-300x300.jpg 300w, http:\/\/dein-partyfoto.com\/wp-content\/uploads\/2019\/03\/50493380_239048636981208_2652842187380752384_n-768x768.jpg 768w, http:\/\/dein-partyfoto.com\/wp-content\/uploads\/2019\/03\/50493380_239048636981208_2652842187380752384_n-400x400.jpg 400w\" sizes=\"auto, (max-width: 1024px) 100vw, 1024px\" \/><\/figure>\n<\/figure>\n\n\n\n<p><\/p>\n\n\n\n<p><\/p>\n","protected":false},"excerpt":{"rendered":"<p>Ganz neu in Nienburg &#8211; Fotospiegel | magic mirror | mirrorbooth | Spiegel Photobooth Der Selfie-Spiegel ist wie ein eigenes, kleines, professionelles Fotostudio f\u00fcr Ihre Veranstaltung. Eine Fotobox in einem&hellip;<\/p>\n<div class=\"read-more\"><a href=\"http:\/\/dein-partyfoto.com\/?page_id=172\" class=\"read-more-link\">See More<\/a><\/div>\n","protected":false},"author":1,"featured_media":0,"parent":0,"menu_order":0,"comment_status":"closed","ping_status":"closed","template":"","meta":{"footnotes":""},"class_list":["post-172","page","type-page","status-publish","hentry"],"_links":{"self":[{"href":"http:\/\/dein-partyfoto.com\/index.php?rest_route=\/wp\/v2\/pages\/172","targetHints":{"allow":["GET"]}}],"collection":[{"href":"http:\/\/dein-partyfoto.com\/index.php?rest_route=\/wp\/v2\/pages"}],"about":[{"href":"http:\/\/dein-partyfoto.com\/index.php?rest_route=\/wp\/v2\/types\/page"}],"author":[{"embeddable":true,"href":"http:\/\/dein-partyfoto.com\/index.php?rest_route=\/wp\/v2\/users\/1"}],"replies":[{"embeddable":true,"href":"http:\/\/dein-partyfoto.com\/index.php?rest_route=%2Fwp%2Fv2%2Fcomments&post=172"}],"version-history":[{"count":10,"href":"http:\/\/dein-partyfoto.com\/index.php?rest_route=\/wp\/v2\/pages\/172\/revisions"}],"predecessor-version":[{"id":361,"href":"http:\/\/dein-partyfoto.com\/index.php?rest_route=\/wp\/v2\/pages\/172\/revisions\/361"}],"wp:attachment":[{"href":"http:\/\/dein-partyfoto.com\/index.php?rest_route=%2Fwp%2Fv2%2Fmedia&parent=172"}],"curies":[{"name":"wp","href":"https:\/\/api.w.org\/{rel}","templated":true}]}}